{"id":2,"date":"2015-01-25T12:12:58","date_gmt":"2015-01-25T12:12:58","guid":{"rendered":"http:\/\/www.evileu.de\/zimmereiflossmann\/?page_id=2"},"modified":"2024-02-11T11:48:52","modified_gmt":"2024-02-11T11:48:52","slug":"beispiel-seite","status":"publish","type":"page","link":"https:\/\/www.evileu.de\/evisfinest\/?page_id=2","title":{"rendered":"\u00dcber meinen Glasperlenschmuck"},"content":{"rendered":"<p>Glasperlen faszinieren mich schon von klein auf. Ich habe schon immer Perlen gesammelt und Schmuck selbst gebastelt. Meistens aus den kleinen Rocailles, weil die am leichtesten erh\u00e4ltlich sind.<\/p>\n<figure id=\"attachment_387\" aria-describedby=\"caption-attachment-387\" style=\"width: 291px\" class=\"wp-caption alignnone\"><a href=\"http:\/\/www.evileu.de\/evisfinest\/wp-content\/uploads\/2015\/09\/Fuchs.jpg\"><img decoding=\"async\" loading=\"lazy\" class=\"size-medium wp-image-387\" src=\"http:\/\/www.evileu.de\/evisfinest\/wp-content\/uploads\/2015\/09\/Fuchs-291x300.jpg\" alt=\"Fuchs\" width=\"291\" height=\"300\" srcset=\"https:\/\/www.evileu.de\/evisfinest\/wp-content\/uploads\/2015\/09\/Fuchs-291x300.jpg 291w, https:\/\/www.evileu.de\/evisfinest\/wp-content\/uploads\/2015\/09\/Fuchs.jpg 367w\" sizes=\"(max-width: 291px) 100vw, 291px\" \/><\/a><figcaption id=\"caption-attachment-387\" class=\"wp-caption-text\">Fuchs<\/figcaption><\/figure>\n<p>Daraus habe ich Ketten, Armb\u00e4nder und vieles mehr gef\u00e4delt und gewebt, und immer schon selbst getragen oder verschenkt.<\/p>\n<p>Ich sammele seit vielen Jahren einzigartige Kristall- und Glasschliffperlen und gestalte damit unverwechselbare Schmuckst\u00fccke, die es so nicht woanders zu kaufen gibt. Dadurch, dass ich mit Vintageresten und Perlenmixturen arbeite, sind die St\u00fccke allesamt Unikate und absolut einzigartig.<\/p>\n<figure id=\"attachment_23\" aria-describedby=\"caption-attachment-23\" style=\"width: 300px\" class=\"wp-caption alignnone\"><a href=\"http:\/\/www.evileu.de\/evisfinest\/wp-content\/uploads\/2015\/01\/Stiefmuetterchen.jpg\"><img decoding=\"async\" loading=\"lazy\" class=\"size-medium wp-image-23\" src=\"http:\/\/www.evileu.de\/evisfinest\/wp-content\/uploads\/2015\/01\/Stiefmuetterchen-300x257.jpg\" alt=\"Stiefmuetterchen\" width=\"300\" height=\"257\" srcset=\"https:\/\/www.evileu.de\/evisfinest\/wp-content\/uploads\/2015\/01\/Stiefmuetterchen-300x257.jpg 300w, https:\/\/www.evileu.de\/evisfinest\/wp-content\/uploads\/2015\/01\/Stiefmuetterchen.jpg 368w\" sizes=\"(max-width: 300px) 100vw, 300px\" \/><\/a><figcaption id=\"caption-attachment-23\" class=\"wp-caption-text\">Stiefmuetterchen<\/figcaption><\/figure>\n<p>Tauchen sie ein in meine faszinierende kleine Welt der Glasperlen und lassen sie sich bezaubern!<\/p>\n<figure id=\"attachment_88\" aria-describedby=\"caption-attachment-88\" style=\"width: 300px\" class=\"wp-caption alignnone\"><a href=\"http:\/\/www.evileu.de\/evisfinest\/wp-content\/uploads\/2015\/09\/FlaemmchenFalter.jpg\"><img decoding=\"async\" loading=\"lazy\" class=\"size-medium wp-image-88\" src=\"http:\/\/www.evileu.de\/evisfinest\/wp-content\/uploads\/2015\/09\/FlaemmchenFalter-300x264.jpg\" alt=\"FlaemmchenFalter\" width=\"300\" height=\"264\" srcset=\"https:\/\/www.evileu.de\/evisfinest\/wp-content\/uploads\/2015\/09\/FlaemmchenFalter-300x264.jpg 300w, https:\/\/www.evileu.de\/evisfinest\/wp-content\/uploads\/2015\/09\/FlaemmchenFalter.jpg 596w\" sizes=\"(max-width: 300px) 100vw, 300px\" \/><\/a><figcaption id=\"caption-attachment-88\" class=\"wp-caption-text\">FlaemmchenFalter<\/figcaption><\/figure>\n","protected":false},"excerpt":{"rendered":"<p>Glasperlen faszinieren mich schon von klein auf. Ich habe schon immer Perlen gesammelt und Schmuck selbst gebastelt. Meistens aus den kleinen Rocailles, weil die am leichtesten erh\u00e4ltlich sind. Daraus habe ich Ketten, Armb\u00e4nder und vieles mehr gef\u00e4delt und gewebt, und immer schon selbst getragen oder verschenkt. Ich sammele seit vielen Jahren einzigartige Kristall- und Glasschliffperlen &hellip; <a href=\"https:\/\/www.evileu.de\/evisfinest\/?page_id=2\" class=\"more-link\"><span class=\"screen-reader-text\">\u00dcber meinen Glasperlenschmuck<\/span> weiterlesen <span class=\"meta-nav\">&rarr;<\/span><\/a><\/p>\n","protected":false},"author":1,"featured_media":0,"parent":0,"menu_order":9,"comment_status":"closed","ping_status":"closed","template":"","meta":[],"_links":{"self":[{"href":"https:\/\/www.evileu.de\/evisfinest\/index.php?rest_route=\/wp\/v2\/pages\/2"}],"collection":[{"href":"https:\/\/www.evileu.de\/evisfinest\/index.php?rest_route=\/wp\/v2\/pages"}],"about":[{"href":"https:\/\/www.evileu.de\/evisfinest\/index.php?rest_route=\/wp\/v2\/types\/page"}],"author":[{"embeddable":true,"href":"https:\/\/www.evileu.de\/evisfinest\/index.php?rest_route=\/wp\/v2\/users\/1"}],"replies":[{"embeddable":true,"href":"https:\/\/www.evileu.de\/evisfinest\/index.php?rest_route=%2Fwp%2Fv2%2Fcomments&post=2"}],"version-history":[{"count":4,"href":"https:\/\/www.evileu.de\/evisfinest\/index.php?rest_route=\/wp\/v2\/pages\/2\/revisions"}],"predecessor-version":[{"id":648,"href":"https:\/\/www.evileu.de\/evisfinest\/index.php?rest_route=\/wp\/v2\/pages\/2\/revisions\/648"}],"wp:attachment":[{"href":"https:\/\/www.evileu.de\/evisfinest\/index.php?rest_route=%2Fwp%2Fv2%2Fmedia&parent=2"}],"curies":[{"name":"wp","href":"https:\/\/api.w.org\/{rel}","templated":true}]}}