{"id":28,"date":"2015-09-03T13:57:08","date_gmt":"2015-09-03T13:57:08","guid":{"rendered":"http:\/\/www.evileu.de\/evisfinest\/?page_id=28"},"modified":"2024-04-03T17:16:12","modified_gmt":"2024-04-03T17:16:12","slug":"startseite","status":"publish","type":"page","link":"https:\/\/www.evileu.de\/evisfinest\/","title":{"rendered":"Willkommen"},"content":{"rendered":"<p>Liebe Besucherinnen und Besucher,<\/p>\n<p>meine\u00a0 Kollektion umfa\u00dft jetzt \u00fcber 180 einzigartige handgefertigte Schmuckst\u00fccke aus ausgesuchten, teils antiken und einmaligen\u00a0 Glasperlen aus aller Herren L\u00e4nder. Hier finden auch Sie ihr Lieblingsst\u00fcck! Mit einer Ausnahme: die Ohrringe aus b\u00f6hmischen Kristallperlen haben einen eigenen Shop bekommen, weil es\u00a0 so viele geworden sind. Schauen sie mal rein in <a href=\"https:\/\/evileu.de\/ohrring-paradies\/\">Evi&#8217;s Ohrring Paradies<\/a>, die sch\u00f6nsten, bezaubernd funkelnden bunten Ohrringe warten auf sie!<\/p>\n<p><a href=\"http:\/\/www.evileu.de\/evisfinest\/wp-content\/uploads\/2024\/02\/headerbild.jpg\"><img decoding=\"async\" loading=\"lazy\" class=\"alignnone size-medium wp-image-581\" src=\"http:\/\/www.evileu.de\/evisfinest\/wp-content\/uploads\/2024\/02\/headerbild-300x57.jpg\" alt=\"headerbild\" width=\"300\" height=\"57\" srcset=\"https:\/\/www.evileu.de\/evisfinest\/wp-content\/uploads\/2024\/02\/headerbild-300x57.jpg 300w, https:\/\/www.evileu.de\/evisfinest\/wp-content\/uploads\/2024\/02\/headerbild-1024x195.jpg 1024w, https:\/\/www.evileu.de\/evisfinest\/wp-content\/uploads\/2024\/02\/headerbild-768x146.jpg 768w, https:\/\/www.evileu.de\/evisfinest\/wp-content\/uploads\/2024\/02\/headerbild.jpg 1260w\" sizes=\"(max-width: 300px) 100vw, 300px\" \/><\/a><\/p>\n<p>Hier finden sie nach wie vor besonders sch\u00f6ne und trotzdem g\u00fcnstige Schmuckst\u00fccke aus Rocailles in allen Farben die man sich vorstellen kann. Ich sammle die bunten Winzlinge unter den Perlen schon seit vielen Jahren und habe eine wahre Schatzkammer zur Verf\u00fcgung. Deswegen biete ich einen besonderen Service an: wenn sie ihre Lieblingsfarbe nicht finden, gehe ich in meinen Fundus und fertige f\u00fcr sie ihr Wunschst\u00fcckerl ohne Aufpreis.<\/p>\n<p>Wenn Sie hier ein Schmuckst\u00fcck kaufen wollen, schreiben sie mir bitte eine E-Mail an:<\/p>\n<p><a href=\"mailto:evi.s.leu@gmx.de\">evi.s.leu@gmx.de<\/a><\/p>\n<p>Ich melde mich dann baldm\u00f6glichst bei Ihnen. Bitte haben Sie Verst\u00e4ndnis daf\u00fcr, da\u00df ich nur gegen Vorauskasse (Bank\u00fcberweisung) oder Zahlung per PayPal versende. Meine Bankdaten erhalten Sie nach Vereinbarung per E-Mail. F\u00fcr den Versand berechne ich pauschal 3 \u20ac f\u00fcr Porto und Verpackung. Beim Kauf von mehreren St\u00fccken wird dieser nur einmal berechnet. Ich verschicke die Waren im wattierten Umschlag mit der normalen Briefpost.<\/p>\n<p>Hinweis: Kinder und Jugendliche unter 18 Jahren, die PayPal nicht nutzen k\u00f6nnen, aber \u00fcber ein eigenes Girokonto verf\u00fcgen, k\u00f6nnen per Bank\u00fcberweisung bezahlen. Dabei sollte der Betrag den Taschengeldrahmen von 10-12 \u20ac nicht \u00fcbersteigen. Bei\u00a0 mir ist auch eine Bezahlung mit Briefmarken m\u00f6glich &#8211; schreibt mir eine E-Mail, dann regeln wir das.<\/p>\n<p>Wenn sie irgendwo das W\u00f6rtchen \u201everkauft\u201c sehen, nicht verzagen! Es ist sehr wahrscheinlich, dass ich in meiner Schatzkammer ein St\u00fcck in einer verwandten Farbe finde, das dem Verkauften ein bisschen \u00e4hnlich sieht. Schreiben sie mir eine E-Mail, dann zaubere ich!<\/p>\n<p>Und nun viel Spa\u00df beim St\u00f6bern!<\/p>\n<p>Mit herzlichen Gr\u00fc\u00dfen,<\/p>\n<p>Ihre Evi S. Leu<\/p>\n<p><a href=\"http:\/\/www.evileu.de\/evisfinest\/wp-content\/uploads\/2024\/04\/Locken.jpg\"><img decoding=\"async\" loading=\"lazy\" class=\"alignnone size-medium wp-image-905\" src=\"http:\/\/www.evileu.de\/evisfinest\/wp-content\/uploads\/2024\/04\/Locken-255x300.jpg\" alt=\"Evi\" width=\"255\" height=\"300\" srcset=\"https:\/\/www.evileu.de\/evisfinest\/wp-content\/uploads\/2024\/04\/Locken-255x300.jpg 255w, https:\/\/www.evileu.de\/evisfinest\/wp-content\/uploads\/2024\/04\/Locken-871x1024.jpg 871w, https:\/\/www.evileu.de\/evisfinest\/wp-content\/uploads\/2024\/04\/Locken-768x903.jpg 768w, https:\/\/www.evileu.de\/evisfinest\/wp-content\/uploads\/2024\/04\/Locken-1306x1536.jpg 1306w, https:\/\/www.evileu.de\/evisfinest\/wp-content\/uploads\/2024\/04\/Locken.jpg 1716w\" sizes=\"(max-width: 255px) 100vw, 255px\" \/><\/a><\/p>\n<p>&nbsp;<\/p>\n","protected":false},"excerpt":{"rendered":"<p>Liebe Besucherinnen und Besucher, meine\u00a0 Kollektion umfa\u00dft jetzt \u00fcber 180 einzigartige handgefertigte Schmuckst\u00fccke aus ausgesuchten, teils antiken und einmaligen\u00a0 Glasperlen aus aller Herren L\u00e4nder. Hier finden auch Sie ihr Lieblingsst\u00fcck! Mit einer Ausnahme: die Ohrringe aus b\u00f6hmischen Kristallperlen haben einen eigenen Shop bekommen, weil es\u00a0 so viele geworden sind. Schauen sie mal rein in Evi&#8217;s &hellip; <a href=\"https:\/\/www.evileu.de\/evisfinest\/\" class=\"more-link\"><span class=\"screen-reader-text\">Willkommen<\/span> weiterlesen <span class=\"meta-nav\">&rarr;<\/span><\/a><\/p>\n","protected":false},"author":1,"featured_media":0,"parent":0,"menu_order":0,"comment_status":"closed","ping_status":"closed","template":"","meta":[],"_links":{"self":[{"href":"https:\/\/www.evileu.de\/evisfinest\/index.php?rest_route=\/wp\/v2\/pages\/28"}],"collection":[{"href":"https:\/\/www.evileu.de\/evisfinest\/index.php?rest_route=\/wp\/v2\/pages"}],"about":[{"href":"https:\/\/www.evileu.de\/evisfinest\/index.php?rest_route=\/wp\/v2\/types\/page"}],"author":[{"embeddable":true,"href":"https:\/\/www.evileu.de\/evisfinest\/index.php?rest_route=\/wp\/v2\/users\/1"}],"replies":[{"embeddable":true,"href":"https:\/\/www.evileu.de\/evisfinest\/index.php?rest_route=%2Fwp%2Fv2%2Fcomments&post=28"}],"version-history":[{"count":35,"href":"https:\/\/www.evileu.de\/evisfinest\/index.php?rest_route=\/wp\/v2\/pages\/28\/revisions"}],"predecessor-version":[{"id":906,"href":"https:\/\/www.evileu.de\/evisfinest\/index.php?rest_route=\/wp\/v2\/pages\/28\/revisions\/906"}],"wp:attachment":[{"href":"https:\/\/www.evileu.de\/evisfinest\/index.php?rest_route=%2Fwp%2Fv2%2Fmedia&parent=28"}],"curies":[{"name":"wp","href":"https:\/\/api.w.org\/{rel}","templated":true}]}}