{"id":744,"date":"2024-02-11T08:57:44","date_gmt":"2024-02-11T08:57:44","guid":{"rendered":"https:\/\/www.evileu.de\/evisfinest\/?page_id=744"},"modified":"2024-02-12T06:48:00","modified_gmt":"2024-02-12T06:48:00","slug":"guxtufalter","status":"publish","type":"page","link":"https:\/\/www.evileu.de\/evisfinest\/?page_id=744","title":{"rendered":"Guxtufalter"},"content":{"rendered":"<p>Guxtufalter heissen so, weil sie grosse Glubschaugen haben, mit denen sie in die Welt gucken.<\/p>\n<p><a href=\"http:\/\/www.evileu.de\/evisfinest\/wp-content\/uploads\/2024\/02\/Guxtu.jpg\"><img decoding=\"async\" loading=\"lazy\" class=\"alignnone size-medium wp-image-752\" src=\"http:\/\/www.evileu.de\/evisfinest\/wp-content\/uploads\/2024\/02\/Guxtu-300x255.jpg\" alt=\"Guxtu\" width=\"300\" height=\"255\" srcset=\"https:\/\/www.evileu.de\/evisfinest\/wp-content\/uploads\/2024\/02\/Guxtu-300x255.jpg 300w, https:\/\/www.evileu.de\/evisfinest\/wp-content\/uploads\/2024\/02\/Guxtu.jpg 666w\" sizes=\"(max-width: 300px) 100vw, 300px\" \/><\/a><\/p>\n<p>Guxtufalter sind sehr aufmerksame und wachsame kleine Freunde, ihnen entgeht nichts! Sie sind klein (4-5 cm) und leicht und auch auf kleine leichte Broschennadeln montiert, so dass man sie auch an ein T-Shirt oder eine Bluse stecken kann. Besonders sch\u00f6n sind sie mit Regenbogenfl\u00fcgeln:<\/p>\n<p><a href=\"http:\/\/www.evileu.de\/evisfinest\/wp-content\/uploads\/2024\/02\/Guxtufalter-1-scaled.jpg\"><img decoding=\"async\" loading=\"lazy\" class=\"alignnone size-medium wp-image-745\" src=\"http:\/\/www.evileu.de\/evisfinest\/wp-content\/uploads\/2024\/02\/Guxtufalter-1-188x300.jpg\" alt=\"Regenbogenfalter\" width=\"188\" height=\"300\" srcset=\"https:\/\/www.evileu.de\/evisfinest\/wp-content\/uploads\/2024\/02\/Guxtufalter-1-188x300.jpg 188w, https:\/\/www.evileu.de\/evisfinest\/wp-content\/uploads\/2024\/02\/Guxtufalter-1-640x1024.jpg 640w, https:\/\/www.evileu.de\/evisfinest\/wp-content\/uploads\/2024\/02\/Guxtufalter-1-768x1229.jpg 768w, https:\/\/www.evileu.de\/evisfinest\/wp-content\/uploads\/2024\/02\/Guxtufalter-1-960x1536.jpg 960w, https:\/\/www.evileu.de\/evisfinest\/wp-content\/uploads\/2024\/02\/Guxtufalter-1-1280x2048.jpg 1280w, https:\/\/www.evileu.de\/evisfinest\/wp-content\/uploads\/2024\/02\/Guxtufalter-1-scaled.jpg 1600w\" sizes=\"(max-width: 188px) 100vw, 188px\" \/><\/a><\/p>\n<p>Es gibt sie aber auch in anderen Farben, am Sch\u00f6nsten mit Farbverl\u00e4ufen in den Fl\u00fcgeln.<\/p>\n<p><a href=\"http:\/\/www.evileu.de\/evisfinest\/wp-content\/uploads\/2024\/02\/640_4falter.jpg\"><img decoding=\"async\" loading=\"lazy\" class=\"alignnone wp-image-868 size-full\" src=\"http:\/\/www.evileu.de\/evisfinest\/wp-content\/uploads\/2024\/02\/640_4falter.jpg\" alt=\"4 falter\" width=\"480\" height=\"527\" srcset=\"https:\/\/www.evileu.de\/evisfinest\/wp-content\/uploads\/2024\/02\/640_4falter.jpg 480w, https:\/\/www.evileu.de\/evisfinest\/wp-content\/uploads\/2024\/02\/640_4falter-273x300.jpg 273w\" sizes=\"(max-width: 480px) 100vw, 480px\" \/><\/a><\/p>\n<p>Sie kosten 8 \u20ac, f\u00fcr den Versand kommen noch einmal 3 \u20ac dazu. Ich fertige sie auch in ihren Wunschfarben, schreiben sie mir ihre W\u00fcnsche per E-Mail an <a href=\"mailto:evi.s.leu@gmx.de\">evi.s.leu@gmx.de<\/a> dann zaubere ich!<\/p>\n","protected":false},"excerpt":{"rendered":"<p>Guxtufalter heissen so, weil sie grosse Glubschaugen haben, mit denen sie in die Welt gucken. Guxtufalter sind sehr aufmerksame und wachsame kleine Freunde, ihnen entgeht nichts! Sie sind klein (4-5 cm) und leicht und auch auf kleine leichte Broschennadeln montiert, so dass man sie auch an ein T-Shirt oder eine Bluse stecken kann. Besonders sch\u00f6n &hellip; <a href=\"https:\/\/www.evileu.de\/evisfinest\/?page_id=744\" class=\"more-link\"><span class=\"screen-reader-text\">Guxtufalter<\/span> weiterlesen <span class=\"meta-nav\">&rarr;<\/span><\/a><\/p>\n","protected":false},"author":1,"featured_media":0,"parent":0,"menu_order":5,"comment_status":"closed","ping_status":"closed","template":"","meta":[],"_links":{"self":[{"href":"https:\/\/www.evileu.de\/evisfinest\/index.php?rest_route=\/wp\/v2\/pages\/744"}],"collection":[{"href":"https:\/\/www.evileu.de\/evisfinest\/index.php?rest_route=\/wp\/v2\/pages"}],"about":[{"href":"https:\/\/www.evileu.de\/evisfinest\/index.php?rest_route=\/wp\/v2\/types\/page"}],"author":[{"embeddable":true,"href":"https:\/\/www.evileu.de\/evisfinest\/index.php?rest_route=\/wp\/v2\/users\/1"}],"replies":[{"embeddable":true,"href":"https:\/\/www.evileu.de\/evisfinest\/index.php?rest_route=%2Fwp%2Fv2%2Fcomments&post=744"}],"version-history":[{"count":6,"href":"https:\/\/www.evileu.de\/evisfinest\/index.php?rest_route=\/wp\/v2\/pages\/744\/revisions"}],"predecessor-version":[{"id":869,"href":"https:\/\/www.evileu.de\/evisfinest\/index.php?rest_route=\/wp\/v2\/pages\/744\/revisions\/869"}],"wp:attachment":[{"href":"https:\/\/www.evileu.de\/evisfinest\/index.php?rest_route=%2Fwp%2Fv2%2Fmedia&parent=744"}],"curies":[{"name":"wp","href":"https:\/\/api.w.org\/{rel}","templated":true}]}}