{"id":773,"date":"2024-02-11T11:20:51","date_gmt":"2024-02-11T11:20:51","guid":{"rendered":"https:\/\/www.evileu.de\/evisfinest\/?page_id=773"},"modified":"2024-02-11T11:21:48","modified_gmt":"2024-02-11T11:21:48","slug":"herzblattl","status":"publish","type":"page","link":"https:\/\/www.evileu.de\/evisfinest\/?page_id=773","title":{"rendered":"Herzblattl"},"content":{"rendered":"<p>Herzblattl sind den Laurelbl\u00e4ttern ein bisschen \u00e4hnlich, aber sie sind doch etwas Besonderes, deswegen stelle ich sie hier extra vor. Herzblattl haben in der Mitte einen farbigen Streifen, das ist das Herz. Ich mache es gern in Regenbogenfarben, das sieht besonders sch\u00f6n aus:<\/p>\n<p><a href=\"http:\/\/www.evileu.de\/evisfinest\/wp-content\/uploads\/2024\/02\/Herzblatt-Anhaenger-weiss.jpg\"><img decoding=\"async\" loading=\"lazy\" class=\"alignnone size-medium wp-image-723\" src=\"http:\/\/www.evileu.de\/evisfinest\/wp-content\/uploads\/2024\/02\/Herzblatt-Anhaenger-weiss-255x300.jpg\" alt=\"Herzblatt Anh\u00e4nger wei\u00df\" width=\"255\" height=\"300\" srcset=\"https:\/\/www.evileu.de\/evisfinest\/wp-content\/uploads\/2024\/02\/Herzblatt-Anhaenger-weiss-255x300.jpg 255w, https:\/\/www.evileu.de\/evisfinest\/wp-content\/uploads\/2024\/02\/Herzblatt-Anhaenger-weiss-871x1024.jpg 871w, https:\/\/www.evileu.de\/evisfinest\/wp-content\/uploads\/2024\/02\/Herzblatt-Anhaenger-weiss-768x902.jpg 768w, https:\/\/www.evileu.de\/evisfinest\/wp-content\/uploads\/2024\/02\/Herzblatt-Anhaenger-weiss.jpg 960w\" sizes=\"(max-width: 255px) 100vw, 255px\" \/><\/a><\/p>\n<p>Die Herzblattl sind 3-4 cm gross und k\u00f6nnen als Anh\u00e4nger mit einem Ringerl oder als Ohrringe mit einem Haken getragen werden. Sie sind sehr leicht und angenehm zu tragen.<\/p>\n<p><a href=\"http:\/\/www.evileu.de\/evisfinest\/wp-content\/uploads\/2024\/02\/Herzblatt-lila.jpg\"><img decoding=\"async\" loading=\"lazy\" class=\"alignnone size-medium wp-image-736\" src=\"http:\/\/www.evileu.de\/evisfinest\/wp-content\/uploads\/2024\/02\/Herzblatt-lila-300x255.jpg\" alt=\"Herzblatt lila\" width=\"300\" height=\"255\" srcset=\"https:\/\/www.evileu.de\/evisfinest\/wp-content\/uploads\/2024\/02\/Herzblatt-lila-300x255.jpg 300w, https:\/\/www.evileu.de\/evisfinest\/wp-content\/uploads\/2024\/02\/Herzblatt-lila-1024x871.jpg 1024w, https:\/\/www.evileu.de\/evisfinest\/wp-content\/uploads\/2024\/02\/Herzblatt-lila-768x653.jpg 768w, https:\/\/www.evileu.de\/evisfinest\/wp-content\/uploads\/2024\/02\/Herzblatt-lila.jpg 1392w\" sizes=\"(max-width: 300px) 100vw, 300px\" \/><\/a><\/p>\n<p><a href=\"http:\/\/www.evileu.de\/evisfinest\/wp-content\/uploads\/2024\/02\/Herzblatt-schwarz.jpg\"><img decoding=\"async\" loading=\"lazy\" class=\"alignnone size-medium wp-image-717\" src=\"http:\/\/www.evileu.de\/evisfinest\/wp-content\/uploads\/2024\/02\/Herzblatt-schwarz-300x247.jpg\" alt=\"Herzblatt schwarz\" width=\"300\" height=\"247\" srcset=\"https:\/\/www.evileu.de\/evisfinest\/wp-content\/uploads\/2024\/02\/Herzblatt-schwarz-300x247.jpg 300w, https:\/\/www.evileu.de\/evisfinest\/wp-content\/uploads\/2024\/02\/Herzblatt-schwarz-1024x845.jpg 1024w, https:\/\/www.evileu.de\/evisfinest\/wp-content\/uploads\/2024\/02\/Herzblatt-schwarz-768x633.jpg 768w, https:\/\/www.evileu.de\/evisfinest\/wp-content\/uploads\/2024\/02\/Herzblatt-schwarz-1536x1267.jpg 1536w, https:\/\/www.evileu.de\/evisfinest\/wp-content\/uploads\/2024\/02\/Herzblatt-schwarz.jpg 1552w\" sizes=\"(max-width: 300px) 100vw, 300px\" \/><\/a><\/p>\n<p>Sie kosten 4 \u20ac das St\u00fcck, die Montage auf einen Ohringhaken kostet 50 ct pro St\u00fcck. Dazu kommen 3 \u20ac f\u00fcr den Versand im wattierten Umschlag mit der Briefpost..<\/p>\n<p>Ich gestalte ihr Herzblattl auch gerne in ihren Wunschfarben &#8211; ohne Aufpreis!<\/p>\n<p><a href=\"http:\/\/www.evileu.de\/evisfinest\/wp-content\/uploads\/2024\/02\/Herzblatt-Anhaenger-rot.jpg\"><img decoding=\"async\" loading=\"lazy\" class=\"alignnone size-medium wp-image-742\" src=\"http:\/\/www.evileu.de\/evisfinest\/wp-content\/uploads\/2024\/02\/Herzblatt-Anhaenger-rot-241x300.jpg\" alt=\"Herzblatt Anh\u00e4nger rot\" width=\"241\" height=\"300\" srcset=\"https:\/\/www.evileu.de\/evisfinest\/wp-content\/uploads\/2024\/02\/Herzblatt-Anhaenger-rot-241x300.jpg 241w, https:\/\/www.evileu.de\/evisfinest\/wp-content\/uploads\/2024\/02\/Herzblatt-Anhaenger-rot-823x1024.jpg 823w, https:\/\/www.evileu.de\/evisfinest\/wp-content\/uploads\/2024\/02\/Herzblatt-Anhaenger-rot-768x955.jpg 768w, https:\/\/www.evileu.de\/evisfinest\/wp-content\/uploads\/2024\/02\/Herzblatt-Anhaenger-rot-1235x1536.jpg 1235w, https:\/\/www.evileu.de\/evisfinest\/wp-content\/uploads\/2024\/02\/Herzblatt-Anhaenger-rot.jpg 1248w\" sizes=\"(max-width: 241px) 100vw, 241px\" \/><\/a> <a href=\"http:\/\/www.evileu.de\/evisfinest\/wp-content\/uploads\/2024\/02\/Herzblatt-Anhaenger-lila.jpg\"><img decoding=\"async\" loading=\"lazy\" class=\"alignnone size-medium wp-image-739\" src=\"http:\/\/www.evileu.de\/evisfinest\/wp-content\/uploads\/2024\/02\/Herzblatt-Anhaenger-lila-228x300.jpg\" alt=\"Herzblatt Anh\u00e4nger lila\" width=\"228\" height=\"300\" srcset=\"https:\/\/www.evileu.de\/evisfinest\/wp-content\/uploads\/2024\/02\/Herzblatt-Anhaenger-lila-228x300.jpg 228w, https:\/\/www.evileu.de\/evisfinest\/wp-content\/uploads\/2024\/02\/Herzblatt-Anhaenger-lila.jpg 680w\" sizes=\"(max-width: 228px) 100vw, 228px\" \/><\/a> <a href=\"http:\/\/www.evileu.de\/evisfinest\/wp-content\/uploads\/2024\/02\/Herzblatt-pink.jpg\"><img decoding=\"async\" loading=\"lazy\" class=\"alignnone size-medium wp-image-727\" src=\"http:\/\/www.evileu.de\/evisfinest\/wp-content\/uploads\/2024\/02\/Herzblatt-pink-242x300.jpg\" alt=\"Herzblatt pink\" width=\"242\" height=\"300\" srcset=\"https:\/\/www.evileu.de\/evisfinest\/wp-content\/uploads\/2024\/02\/Herzblatt-pink-242x300.jpg 242w, https:\/\/www.evileu.de\/evisfinest\/wp-content\/uploads\/2024\/02\/Herzblatt-pink-827x1024.jpg 827w, https:\/\/www.evileu.de\/evisfinest\/wp-content\/uploads\/2024\/02\/Herzblatt-pink-768x951.jpg 768w, https:\/\/www.evileu.de\/evisfinest\/wp-content\/uploads\/2024\/02\/Herzblatt-pink.jpg 1240w\" sizes=\"(max-width: 242px) 100vw, 242px\" \/><\/a><\/p>\n","protected":false},"excerpt":{"rendered":"<p>Herzblattl sind den Laurelbl\u00e4ttern ein bisschen \u00e4hnlich, aber sie sind doch etwas Besonderes, deswegen stelle ich sie hier extra vor. Herzblattl haben in der Mitte einen farbigen Streifen, das ist das Herz. Ich mache es gern in Regenbogenfarben, das sieht besonders sch\u00f6n aus: Die Herzblattl sind 3-4 cm gross und k\u00f6nnen als Anh\u00e4nger mit einem &hellip; <a href=\"https:\/\/www.evileu.de\/evisfinest\/?page_id=773\" class=\"more-link\"><span class=\"screen-reader-text\">Herzblattl<\/span> weiterlesen <span class=\"meta-nav\">&rarr;<\/span><\/a><\/p>\n","protected":false},"author":1,"featured_media":0,"parent":0,"menu_order":7,"comment_status":"closed","ping_status":"closed","template":"","meta":[],"_links":{"self":[{"href":"https:\/\/www.evileu.de\/evisfinest\/index.php?rest_route=\/wp\/v2\/pages\/773"}],"collection":[{"href":"https:\/\/www.evileu.de\/evisfinest\/index.php?rest_route=\/wp\/v2\/pages"}],"about":[{"href":"https:\/\/www.evileu.de\/evisfinest\/index.php?rest_route=\/wp\/v2\/types\/page"}],"author":[{"embeddable":true,"href":"https:\/\/www.evileu.de\/evisfinest\/index.php?rest_route=\/wp\/v2\/users\/1"}],"replies":[{"embeddable":true,"href":"https:\/\/www.evileu.de\/evisfinest\/index.php?rest_route=%2Fwp%2Fv2%2Fcomments&post=773"}],"version-history":[{"count":3,"href":"https:\/\/www.evileu.de\/evisfinest\/index.php?rest_route=\/wp\/v2\/pages\/773\/revisions"}],"predecessor-version":[{"id":776,"href":"https:\/\/www.evileu.de\/evisfinest\/index.php?rest_route=\/wp\/v2\/pages\/773\/revisions\/776"}],"wp:attachment":[{"href":"https:\/\/www.evileu.de\/evisfinest\/index.php?rest_route=%2Fwp%2Fv2%2Fmedia&parent=773"}],"curies":[{"name":"wp","href":"https:\/\/api.w.org\/{rel}","templated":true}]}}