{"id":784,"date":"2024-02-11T11:58:33","date_gmt":"2024-02-11T11:58:33","guid":{"rendered":"https:\/\/www.evileu.de\/evisfinest\/?page_id=784"},"modified":"2024-02-11T11:58:33","modified_gmt":"2024-02-11T11:58:33","slug":"zweiblattbroschen","status":"publish","type":"page","link":"https:\/\/www.evileu.de\/evisfinest\/?page_id=784","title":{"rendered":"Zweiblattbroschen"},"content":{"rendered":"<p>Zweiblattbroschen sind genaugenommen zwei Laurelbl\u00e4tter, die ich sorgf\u00e4ltig zu einer Brosche zusammengef\u00fcgt habe. Die fertige Brosche ist ca. 5 cm breit und damit ein echter Hingucker.<\/p>\n<figure id=\"attachment_312\" aria-describedby=\"caption-attachment-312\" style=\"width: 300px\" class=\"wp-caption alignnone\"><a href=\"http:\/\/www.evileu.de\/evisfinest\/wp-content\/uploads\/2015\/09\/j\u00e4gergr\u00fcn.jpg\"><img decoding=\"async\" loading=\"lazy\" class=\"size-medium wp-image-312\" src=\"http:\/\/www.evileu.de\/evisfinest\/wp-content\/uploads\/2015\/09\/j\u00e4gergr\u00fcn-300x300.jpg\" alt=\"j\u00e4gergr\u00fcn\" width=\"300\" height=\"300\" srcset=\"https:\/\/www.evileu.de\/evisfinest\/wp-content\/uploads\/2015\/09\/j\u00e4gergr\u00fcn-300x300.jpg 300w, https:\/\/www.evileu.de\/evisfinest\/wp-content\/uploads\/2015\/09\/j\u00e4gergr\u00fcn-150x150.jpg 150w, https:\/\/www.evileu.de\/evisfinest\/wp-content\/uploads\/2015\/09\/j\u00e4gergr\u00fcn.jpg 367w\" sizes=\"(max-width: 300px) 100vw, 300px\" \/><\/a><figcaption id=\"caption-attachment-312\" class=\"wp-caption-text\">j\u00e4gergr\u00fcn<\/figcaption><\/figure>\n<p>Dazu kommt oftmals ein farblich passender Akzent aus funkelnden b\u00f6hmischen Schliffperlen.<\/p>\n<figure id=\"attachment_268\" aria-describedby=\"caption-attachment-268\" style=\"width: 300px\" class=\"wp-caption alignnone\"><a href=\"http:\/\/www.evileu.de\/evisfinest\/wp-content\/uploads\/2015\/09\/zweiblattweiss.jpg\"><img decoding=\"async\" loading=\"lazy\" class=\"size-medium wp-image-268\" src=\"http:\/\/www.evileu.de\/evisfinest\/wp-content\/uploads\/2015\/09\/zweiblattweiss-300x268.jpg\" alt=\"zweiblattweiss\" width=\"300\" height=\"268\" srcset=\"https:\/\/www.evileu.de\/evisfinest\/wp-content\/uploads\/2015\/09\/zweiblattweiss-300x268.jpg 300w, https:\/\/www.evileu.de\/evisfinest\/wp-content\/uploads\/2015\/09\/zweiblattweiss.jpg 317w\" sizes=\"(max-width: 300px) 100vw, 300px\" \/><\/a><figcaption id=\"caption-attachment-268\" class=\"wp-caption-text\">zweiblattweiss<\/figcaption><\/figure>\n<p>Die zwei Bl\u00e4tter werden auf eine leichte Broschennadel montiert und sind sehr leichtgewichtig, so dass man sie auch auf T-Shirts oder Blusen anstecken kann. Eine Zweiblattbrosche kostet 8 \u20ac, dazu kommen 3 \u20ac f\u00fcr den Versand im wattierten Umschlag in der Briefpost. Ich habe sie in vielen Farben vorr\u00e4tig, wenn sie einen bestimmten Wunsch haben schreiben sie mir eine E-Mail an <a href=\"mailto:evi.s.leu@gmx.de\">evi.s.leu@gmx.de<\/a> dann zaubere ich!<\/p>\n<p>&nbsp;<\/p>\n","protected":false},"excerpt":{"rendered":"<p>Zweiblattbroschen sind genaugenommen zwei Laurelbl\u00e4tter, die ich sorgf\u00e4ltig zu einer Brosche zusammengef\u00fcgt habe. Die fertige Brosche ist ca. 5 cm breit und damit ein echter Hingucker. Dazu kommt oftmals ein farblich passender Akzent aus funkelnden b\u00f6hmischen Schliffperlen. Die zwei Bl\u00e4tter werden auf eine leichte Broschennadel montiert und sind sehr leichtgewichtig, so dass man sie auch &hellip; <a href=\"https:\/\/www.evileu.de\/evisfinest\/?page_id=784\" class=\"more-link\"><span class=\"screen-reader-text\">Zweiblattbroschen<\/span> weiterlesen <span class=\"meta-nav\">&rarr;<\/span><\/a><\/p>\n","protected":false},"author":1,"featured_media":0,"parent":0,"menu_order":8,"comment_status":"closed","ping_status":"closed","template":"","meta":[],"_links":{"self":[{"href":"https:\/\/www.evileu.de\/evisfinest\/index.php?rest_route=\/wp\/v2\/pages\/784"}],"collection":[{"href":"https:\/\/www.evileu.de\/evisfinest\/index.php?rest_route=\/wp\/v2\/pages"}],"about":[{"href":"https:\/\/www.evileu.de\/evisfinest\/index.php?rest_route=\/wp\/v2\/types\/page"}],"author":[{"embeddable":true,"href":"https:\/\/www.evileu.de\/evisfinest\/index.php?rest_route=\/wp\/v2\/users\/1"}],"replies":[{"embeddable":true,"href":"https:\/\/www.evileu.de\/evisfinest\/index.php?rest_route=%2Fwp%2Fv2%2Fcomments&post=784"}],"version-history":[{"count":2,"href":"https:\/\/www.evileu.de\/evisfinest\/index.php?rest_route=\/wp\/v2\/pages\/784\/revisions"}],"predecessor-version":[{"id":786,"href":"https:\/\/www.evileu.de\/evisfinest\/index.php?rest_route=\/wp\/v2\/pages\/784\/revisions\/786"}],"wp:attachment":[{"href":"https:\/\/www.evileu.de\/evisfinest\/index.php?rest_route=%2Fwp%2Fv2%2Fmedia&parent=784"}],"curies":[{"name":"wp","href":"https:\/\/api.w.org\/{rel}","templated":true}]}}